{"id":74,"date":"2025-03-09T20:48:40","date_gmt":"2025-03-09T20:48:40","guid":{"rendered":"https:\/\/tiinavaittinen.fi\/?page_id=74"},"modified":"2025-05-18T09:50:25","modified_gmt":"2025-05-18T09:50:25","slug":"ota-yhteytta","status":"publish","type":"page","link":"https:\/\/tiinavaittinen.fi\/index.php\/ota-yhteytta\/","title":{"rendered":"Ota yhteytt\u00e4!"},"content":{"rendered":"\n<div class=\"wp-block-group alignfull has-background-background-color has-background is-layout-constrained wp-container-core-group-is-layout-7276a2bb wp-block-group-is-layout-constrained\" style=\"margin-top:0;margin-bottom:0;padding-top:var(--wp--preset--spacing--60);padding-right:var(--wp--preset--spacing--30);padding-bottom:var(--wp--preset--spacing--60);padding-left:var(--wp--preset--spacing--30)\">\n<div class=\"wp-block-columns alignwide is-layout-flex wp-container-core-columns-is-layout-47c06fe3 wp-block-columns-is-layout-flex\">\n<div class=\"wp-block-column is-layout-flow wp-container-core-column-is-layout-8a368f38 wp-block-column-is-layout-flow\" style=\"flex-basis:50%\">\n<figure class=\"wp-block-image size-large wp-duotone-unset-1\"><img loading=\"lazy\" decoding=\"async\" width=\"1024\" height=\"956\" src=\"https:\/\/tiinavaittinen.fi\/wp-content\/uploads\/2025\/03\/Vaittinen_Tiina_virallinenvaalikuva_nelio-2-1024x956.jpg\" alt=\"\" class=\"wp-image-31\" style=\"aspect-ratio:4\/3;object-fit:cover\" srcset=\"https:\/\/tiinavaittinen.fi\/wp-content\/uploads\/2025\/03\/Vaittinen_Tiina_virallinenvaalikuva_nelio-2-1024x956.jpg 1024w, https:\/\/tiinavaittinen.fi\/wp-content\/uploads\/2025\/03\/Vaittinen_Tiina_virallinenvaalikuva_nelio-2-300x280.jpg 300w, https:\/\/tiinavaittinen.fi\/wp-content\/uploads\/2025\/03\/Vaittinen_Tiina_virallinenvaalikuva_nelio-2-768x717.jpg 768w\" sizes=\"auto, (max-width: 1024px) 100vw, 1024px\" \/><\/figure>\n\n\n\n<div class=\"wp-block-group has-tertiary-background-color has-background is-layout-constrained wp-container-core-group-is-layout-24fca791 wp-block-group-is-layout-constrained\" style=\"padding-top:var(--wp--preset--spacing--30);padding-right:24px;padding-bottom:var(--wp--preset--spacing--30);padding-left:24px\"><\/div>\n<\/div>\n\n\n\n<div class=\"wp-block-column is-layout-flow wp-block-column-is-layout-flow\" style=\"flex-basis:50%\">\n<h2 class=\"wp-block-heading has-large-font-size\">Aluepolitiikkaa koskevissa asioissa voit olla yhteydess\u00e4 alla olevan lomakkeen kautta, tai laittamalla s\u00e4hk\u00f6postia osoitteeseen tiina.vaittinen AT pirha.fi. <\/h2>\n\n\n\n<p>Muissa asioissa, kuten puhujapyynn\u00f6iss\u00e4, tavoitat minut parhaiten osoitteesta tiina AT goodmess.global. <\/p>\n\n\n<div class=\"wp-block-jetpack-contact-form is-layout-flex wp-container-jetpack-contact-form-is-layout-b7ed9015 wp-block-jetpack-contact-form-is-layout-flex\"><a href=\"https:\/\/tiinavaittinen.fi\/index.php\/ota-yhteytta\/\" target=\"_blank\" rel=\"noopener noreferrer\">Submit a form.<\/a><\/div>\n\n\n<p class=\"has-medium-font-size\"><\/p>\n<\/div>\n<\/div>\n<\/div>\n","protected":false},"excerpt":{"rendered":"<p>Aluepolitiikkaa koskevissa asioissa voit olla yhteydess\u00e4 alla olevan lomakkeen kautta, tai laittamalla s\u00e4hk\u00f6postia osoitteeseen tiina.vaittinen AT pirha.fi. Muissa asioissa, kuten puhujapyynn\u00f6iss\u00e4, tavoitat minut parhaiten osoitteesta tiina AT goodmess.global.<\/p>\n","protected":false},"author":1,"featured_media":0,"parent":0,"menu_order":0,"comment_status":"closed","ping_status":"closed","template":"","meta":{"footnotes":""},"class_list":["post-74","page","type-page","status-publish","hentry"],"jetpack_sharing_enabled":true,"_links":{"self":[{"href":"https:\/\/tiinavaittinen.fi\/index.php\/wp-json\/wp\/v2\/pages\/74","targetHints":{"allow":["GET"]}}],"collection":[{"href":"https:\/\/tiinavaittinen.fi\/index.php\/wp-json\/wp\/v2\/pages"}],"about":[{"href":"https:\/\/tiinavaittinen.fi\/index.php\/wp-json\/wp\/v2\/types\/page"}],"author":[{"embeddable":true,"href":"https:\/\/tiinavaittinen.fi\/index.php\/wp-json\/wp\/v2\/users\/1"}],"replies":[{"embeddable":true,"href":"https:\/\/tiinavaittinen.fi\/index.php\/wp-json\/wp\/v2\/comments?post=74"}],"version-history":[{"count":3,"href":"https:\/\/tiinavaittinen.fi\/index.php\/wp-json\/wp\/v2\/pages\/74\/revisions"}],"predecessor-version":[{"id":305,"href":"https:\/\/tiinavaittinen.fi\/index.php\/wp-json\/wp\/v2\/pages\/74\/revisions\/305"}],"wp:attachment":[{"href":"https:\/\/tiinavaittinen.fi\/index.php\/wp-json\/wp\/v2\/media?parent=74"}],"curies":[{"name":"wp","href":"https:\/\/api.w.org\/{rel}","templated":true}]}}